{"id":154,"date":"2020-11-15T19:01:00","date_gmt":"2020-11-15T18:01:00","guid":{"rendered":"http:\/\/todimagulmu.org\/?page_id=154"},"modified":"2021-03-09T18:15:57","modified_gmt":"2021-03-09T17:15:57","slug":"todima-gulmu","status":"publish","type":"page","link":"https:\/\/todimagulmu.org\/index.php\/todima-gulmu\/","title":{"rendered":"Todima Gulmu ?"},"content":{"rendered":"\n<div class=\"wp-block-image is-style-default\"><figure class=\"aligncenter size-full\"><img decoding=\"async\" loading=\"lazy\" width=\"287\" height=\"175\" src=\"https:\/\/todimagulmu.org\/wp-content\/uploads\/2020\/11\/logo-Todima-Gulmu.png\" alt=\"\" class=\"wp-image-8\"\/><figcaption>Logo de l&rsquo;association Todima Gulmu<\/figcaption><\/figure><\/div>\n\n\n\n<h2><strong>Qui sommes-nous&nbsp;?<\/strong><\/h2>\n\n\n\n<div style=\"height:15px\" aria-hidden=\"true\" class=\"wp-block-spacer\"><\/div>\n\n\n\n<p> Todima Gumu est une <strong>association franco-burkinab\u00e9 de solidarit\u00e9 internationale intervenant dans l\u2019Est du Burkina Faso<\/strong>. Cette association a \u00e9t\u00e9 cr\u00e9\u00e9e en <strong>2014<\/strong><em>.<\/em> Elle est officiellement et r\u00e9guli\u00e8rement d\u00e9clar\u00e9e sous statuts d&rsquo;association aupr\u00e8s des services administratifs ad-hoc de France et du Burkina Faso, conform\u00e9ment aux textes en vigueur dans chacun des deux pays.<\/p>\n\n\n\n<hr class=\"wp-block-separator\"\/>\n\n\n\n<p class=\"has-luminous-vivid-orange-background-color has-background\" style=\"font-size:22px\"><strong>Todima Gulmu<\/strong> : expression en gulmantch\u00e9ma (la langue parl\u00e9e par les gourmantch\u00e9s) signifiant \u00ab&nbsp;<span class=\"has-inline-color has-black-color\"><strong>Aider le Gulmu<\/strong><\/span>&nbsp;\u00bb.<\/p>\n\n\n\n<hr class=\"wp-block-separator\"\/>\n\n\n\n<h2><strong>Le Gulmu ?<\/strong><\/h2>\n\n\n\n<div style=\"height:15px\" aria-hidden=\"true\" class=\"wp-block-spacer\"><\/div>\n\n\n\n<p>C\u2019est la <strong>r\u00e9gion administrative de l\u2019Est<\/strong> du Burkina Faso. Le Gulmu couvre une superficie de <strong>46 600 km<sup>2<\/sup> <\/strong>et comprend <strong>5 provinces<\/strong> pour une population de <strong>plus de 2 millions d\u2019habitants<\/strong>. Le groupe ethnique majoritaire sont les <strong>gourmantch\u00e9s<\/strong>. <strong>La moiti\u00e9 des habitants de la r\u00e9gion vit en dessous du seuil de pauvret\u00e9<\/strong> et l\u2019Indice de D\u00e9veloppement Humain (<strong>IDH<\/strong>) est <strong>inf\u00e9rieur<\/strong> \u00e0 celui des autres r\u00e9gions du pays. Le revenu global des m\u00e9nages (65 \u00e0 67 % des revenus) est <strong>essentiellement non mon\u00e9taire<\/strong>\u00a0; cela traduit la forte auto-consommation dans la r\u00e9gion. La <strong>pr\u00e9sence de groupes terroristes<\/strong> ayant commis plusieurs attaques dans des villages de brousse ces derni\u00e8res ann\u00e9es a <strong>fragilis\u00e9 une situation d\u00e9j\u00e0 bien pr\u00e9caire<\/strong>.<\/p>\n\n\n\n<hr class=\"wp-block-separator\"\/>\n\n\n\n<h2><strong>Les origines de l\u2019association&nbsp;:<\/strong><\/h2>\n\n\n\n<div style=\"height:15px\" aria-hidden=\"true\" class=\"wp-block-spacer\"><\/div>\n\n\n\n<p>En 2012, un jeune professeur fran\u00e7ais en volontariat dans un \u00e9tablissement professionnel \u00e0 Fada N\u2019Gourma (capitale de la r\u00e9gion Est du Burkina Faso) est le t\u00e9moin de jeunes \u00e9l\u00e8ves contraints d\u2019arr\u00eater leurs \u00e9tudes, faute de moyens financiers. Au Burkina, les \u00e9tudes sont payantes et repr\u00e9sentent souvent un \u00e9norme effort financier pour les familles. Un premier parrainage est \u00e9tabli gr\u00e2ce \u00e0 la g\u00e9n\u00e9rosit\u00e9 d\u2019un donateur en France. De l\u00e0, vient l\u2019id\u00e9e de cr\u00e9er une association pour <strong>permettre et structurer des parrainages<\/strong>, afin d\u2019\u00e9viter le ph\u00e9nom\u00e8ne de d\u00e9pendance entre b\u00e9n\u00e9ficiaire et donateur. Ainsi est n\u00e9 Todima Gulmu.<\/p>\n\n\n\n<hr class=\"wp-block-separator\"\/>\n\n\n\n<h2><strong>Quels sont nos objectifs&nbsp;? :<\/strong><\/h2>\n\n\n\n<div style=\"height:15px\" aria-hidden=\"true\" class=\"wp-block-spacer\"><\/div>\n\n\n\n<p>Todima Gulmu veut promouvoir, aider et soutenir les <strong>projets de d\u00e9veloppement<\/strong>, principalement dans les domaines de l\u2019<strong>acc\u00e8s \u00e0 l&rsquo;\u00e9ducation<\/strong>, \u00e0 la <strong>sant\u00e9<\/strong> et \u00e0 la <strong>culture<\/strong>, dans la <strong>promotion f\u00e9minine<\/strong>, dans le d\u00e9veloppement des <strong>\u00e9nergies renouvelables<\/strong> et dans le <strong>tourisme solidaire<\/strong>, dans la <strong>r\u00e9gion de l\u2019Est du Burkina Faso<\/strong> en cr\u00e9ant des <strong>partenariats avec des associations locales<\/strong> portant ce type de projets.<\/p>\n\n\n\n<hr class=\"wp-block-separator\"\/>\n\n\n\n<h2><strong>Les actions envisag\u00e9es&nbsp;:<\/strong><\/h2>\n\n\n\n<div style=\"height:15px\" aria-hidden=\"true\" class=\"wp-block-spacer\"><\/div>\n\n\n\n<ol type=\"1\"><li>Cr\u00e9er des<strong> parrainages d\u2019\u00e9l\u00e8ves et \u00e9tudiants<\/strong> de l\u2019Est du Burkina Faso&nbsp;;<\/li><li>Aider \u00e0 la mise en place d\u2019<strong>activit\u00e9s g\u00e9n\u00e9ratrices de revenus<\/strong> dans la r\u00e9gion de l\u2019Est du Burkina Faso&nbsp;;<\/li><li>Appuyer et conseiller la <strong>mise en place de projets associatifs<\/strong> dans la r\u00e9gion de l\u2019Est du Burkina Faso,&nbsp;par l\u2019<strong>aide \u00e0 la r\u00e9daction de projet<\/strong> et \u00e0 la <strong>recherche de financement<\/strong>s, le conseil et l\u2019appui \u00e0 l\u2019aboutissement du projet&nbsp;;<\/li><li>Soutenir les structures de formation (\u00e9coles, lyc\u00e9es, centres de formation\u2026) de l\u2019Est du Burkina Faso par la <strong>collecte<\/strong> et l\u2019<strong>envoi de mat\u00e9riel<\/strong> <strong>p\u00e9dagogique<\/strong> et autres&nbsp;;<\/li><li>Permettre de r\u00e9duire la fracture num\u00e9rique par l\u2019organisation de <strong>formation \u00e0 l\u2019informatique<\/strong> et la <strong>collecte<\/strong> et l\u2019<strong>envoi de mat\u00e9riel informatique<\/strong>&nbsp;;<\/li><li>Organiser des<strong> voyages humanitaires<\/strong> (camp chantier, camp reboisement\u2026) \u00e0 but <strong>\u00e9ducatif<\/strong>, <strong>solidaire<\/strong> et <strong>interculture<\/strong>l dans l\u2019Est du Burkina Faso&nbsp;;<\/li><li>Mettre en place des <strong>\u00e9changes p\u00e9dagogiques, \u00e9ducatifs et interculturels<\/strong>&nbsp;;<\/li><li>Encourager l\u2019<strong>\u00e9ducation \u00e0 l\u2019environnement<\/strong> par le soutien \u00e0 des projets de sensibilisations et d\u2019actions en faveur de l\u2019environnement (reboisement, gestion des d\u00e9chets&#8230;.)&nbsp;afin de <strong>favoriser la r\u00e9silience au changement climatique<\/strong>&nbsp;;<\/li><li>Promouvoir l\u2019<strong>\u00e9mancipation<\/strong> et la <strong>promotion f\u00e9minine<\/strong> et <strong>lutter contre les pratiques de l\u2019excision<\/strong>&nbsp;;<\/li><li><strong>Soutenir l\u2019\u00e9mergence des talents artistiques<\/strong> de la r\u00e9gion de l\u2019Est du Burkina Faso.<\/li><\/ol>\n\n\n\n<div style=\"height:15px\" aria-hidden=\"true\" class=\"wp-block-spacer\"><\/div>\n\n\n\n<p class=\"has-vivid-red-color has-text-color\"><strong><em>Plusieurs de ces objectifs n\u2019ont pu \u00eatre men\u00e9s du fait du contexte li\u00e9 \u00e0 la situation s\u00e9curitaire qui pr\u00e9vaut actuellement au Burkina Faso et particuli\u00e8rement dans le Gulmu.<\/em><\/strong><\/p>\n\n\n\n<hr class=\"wp-block-separator\"\/>\n\n\n\n<h2><strong>Les actions que nous avons men\u00e9es depuis 2014&nbsp;:<\/strong><\/h2>\n\n\n\n<div style=\"height:15px\" aria-hidden=\"true\" class=\"wp-block-spacer\"><\/div>\n\n\n\n<ol><li>Nous avons principalement assur\u00e9 le <strong>parrainage d\u2019\u00e9l\u00e8ves et \u00e9tudiants<\/strong> ;<\/li><li>Nous avons c<strong>ollect\u00e9 et envoy\u00e9 du mat\u00e9riel<\/strong> (p\u00e9dagogique, m\u00e9dical, informatique\u2026), mais les conditions d\u2019acheminement (transport, co\u00fbt..) rendent cette activit\u00e9 difficile et al\u00e9atoire ;<\/li><li>Nous avons organis\u00e9 des <strong>conf\u00e9rences<\/strong>, formations \u00e0 but \u00e9ducatif et interculturel ;<\/li><li>Nous sommes en r\u00e9flexion pour soutenir la <strong>cr\u00e9ation d\u2019activit\u00e9s g\u00e9n\u00e9ratrices de revenus<\/strong> au Gulmu (<em>projet de mara\u00eechage<\/em>). Cependant, l\u2019impossibilit\u00e9 de se rendre sur place pour mieux identifier les besoins ralentit l\u2019avanc\u00e9e de ce projet.<\/li><\/ol>\n\n\n\n<hr class=\"wp-block-separator\"\/>\n\n\n\n<h2><strong>Comment pouvez-vous nous soutenir ?<\/strong><\/h2>\n\n\n\n<div style=\"height:15px\" aria-hidden=\"true\" class=\"wp-block-spacer\"><\/div>\n\n\n\n<ol><li>En venant nous rejoindre pour apporter vos id\u00e9es et vos comp\u00e9tences ;<\/li><li>En participant activement \u00e0 la vie de l\u2019association&nbsp;;<\/li><li>En faisant des dons (financiers, mat\u00e9riels&#8230;).<\/li><\/ol>\n\n\n\n<hr class=\"wp-block-separator\"\/>\n\n\n\n<p class=\"has-black-color has-luminous-vivid-orange-background-color has-text-color has-background\"><span class=\"has-inline-color has-black-color\"><span style=\"text-decoration: underline;\"><strong>Pour la France :<\/strong><\/span> L\u2019association \u00e9tant <strong>reconnue d\u2019int\u00e9r\u00eat g\u00e9n\u00e9ral<\/strong>, les dons donnent droit \u00e0 une <strong>r\u00e9duction d\u2019imp\u00f4t sur le revenu de 66%<\/strong> du montant (<a href=\"https:\/\/bofip.impots.gouv.fr\/bofip\/5873-PGP.html\/identifiant%3DBOI-IR-RICI-250-30-20120912#:~:text=Les%20versements%20que%20les%20particuliers,limite%20de%2020%20%25%20du%20revenu\" data-type=\"URL\" data-id=\"https:\/\/bofip.impots.gouv.fr\/bofip\/5873-PGP.html\/identifiant%3DBOI-IR-RICI-250-30-20120912#:~:text=Les%20versements%20que%20les%20particuliers,limite%20de%2020%20%25%20du%20revenu\" target=\"_blank\" rel=\"noreferrer noopener\">selon l\u2019article 200 du Code G\u00e9n\u00e9ral des Impots<\/a>)<\/span><\/p>\n","protected":false},"excerpt":{"rendered":"<p>Qui sommes-nous&nbsp;? Todima Gumu est une association franco-burkinab\u00e9 de solidarit\u00e9 internationale intervenant dans l\u2019Est du Burkina Faso. Cette association a \u00e9t\u00e9 cr\u00e9\u00e9e en 2014. Elle est officiellement et r\u00e9guli\u00e8rement d\u00e9clar\u00e9e sous statuts d&rsquo;association aupr\u00e8s des services administratifs ad-hoc de France et du Burkina Faso, conform\u00e9ment aux textes en vigueur dans chacun des deux pays. Todima [&hellip;]<\/p>\n","protected":false},"author":1,"featured_media":8,"parent":0,"menu_order":0,"comment_status":"closed","ping_status":"closed","template":"","meta":[],"jetpack_sharing_enabled":true,"_links":{"self":[{"href":"https:\/\/todimagulmu.org\/index.php\/wp-json\/wp\/v2\/pages\/154"}],"collection":[{"href":"https:\/\/todimagulmu.org\/index.php\/wp-json\/wp\/v2\/pages"}],"about":[{"href":"https:\/\/todimagulmu.org\/index.php\/wp-json\/wp\/v2\/types\/page"}],"author":[{"embeddable":true,"href":"https:\/\/todimagulmu.org\/index.php\/wp-json\/wp\/v2\/users\/1"}],"replies":[{"embeddable":true,"href":"https:\/\/todimagulmu.org\/index.php\/wp-json\/wp\/v2\/comments?post=154"}],"version-history":[{"count":18,"href":"https:\/\/todimagulmu.org\/index.php\/wp-json\/wp\/v2\/pages\/154\/revisions"}],"predecessor-version":[{"id":681,"href":"https:\/\/todimagulmu.org\/index.php\/wp-json\/wp\/v2\/pages\/154\/revisions\/681"}],"wp:featuredmedia":[{"embeddable":true,"href":"https:\/\/todimagulmu.org\/index.php\/wp-json\/wp\/v2\/media\/8"}],"wp:attachment":[{"href":"https:\/\/todimagulmu.org\/index.php\/wp-json\/wp\/v2\/media?parent=154"}],"curies":[{"name":"wp","href":"https:\/\/api.w.org\/{rel}","templated":true}]}}