{"id":156,"date":"2020-11-15T19:02:41","date_gmt":"2020-11-15T18:02:41","guid":{"rendered":"http:\/\/todimagulmu.org\/?page_id=156"},"modified":"2021-02-22T15:27:49","modified_gmt":"2021-02-22T14:27:49","slug":"les-parrainages","status":"publish","type":"page","link":"https:\/\/todimagulmu.org\/index.php\/les-parrainages\/","title":{"rendered":"Les parrainages"},"content":{"rendered":"\n<div class=\"wp-block-image is-style-default\"><figure class=\"aligncenter size-large is-resized\"><img decoding=\"async\" loading=\"lazy\" src=\"https:\/\/todimagulmu.org\/wp-content\/uploads\/2020\/11\/FY-scaled-e1605293757151-683x1024.jpg\" alt=\"\" class=\"wp-image-83\" width=\"342\" height=\"512\"\/><figcaption>Farida &#8211; dipl\u00f4me d&rsquo;Etat de Sage Femme <\/figcaption><\/figure><\/div>\n\n\n\n<div style=\"height:15px\" aria-hidden=\"true\" class=\"wp-block-spacer\"><\/div>\n\n\n\n<p>Depuis la cr\u00e9ation de l&rsquo;association en <strong>2014<\/strong>, ce sont <strong>16 jeunes<\/strong> (<strong>12 femmes et 4 hommes<\/strong>) qui ont \u00e9t\u00e9 <strong>parrain\u00e9s par l&rsquo;association Todima Gulmu<\/strong>, soit l\u2019\u00e9quivalent de <strong>25 ann\u00e9es de scolarit\u00e9<\/strong> (entre 1 et 3 ann\u00e9es selon les jeunes).<\/p>\n\n\n\n<div style=\"height:15px\" aria-hidden=\"true\" class=\"wp-block-spacer\"><\/div>\n\n\n\n<p>Selon nos statuts, nous parrainons des<strong> jeunes originaires de la r\u00e9gion\u00a0du Gulmu \u00e0 l\u2019Est du Burkina Faso<\/strong>, ou ayant un lien avec la r\u00e9gion, en vue de l\u2019<strong>obtention d\u2019un dipl\u00f4me scolaire ou professionnel<\/strong>. Nous priorisons les <strong>parrainages de jeunes filles<\/strong>, sur des <strong>formations professionnelles<\/strong>, en coh\u00e9rence avec notre objectif de mener des actions en faveur de l\u2019<strong>\u00e9mancipation f\u00e9minine<\/strong>.<\/p>\n\n\n\n<div style=\"height:15px\" aria-hidden=\"true\" class=\"wp-block-spacer\"><\/div>\n\n\n\n<p>La constitution d\u2019un dossier de parrainage s\u2019effectue en<strong> lien direct entre les associations Todima Gulmu en France et au Burkina Faso<\/strong>. Todima Gulmu au Burkina Faso <strong>recueille les demandes d\u2019aides<\/strong> formul\u00e9es par des jeunes, fait une <strong>analyse de la pertinence<\/strong> de la demande, et elle <strong>instruit leur dossier<\/strong>. L\u2019association Todima Gulmu en France \u00e9tudie les dossiers et <strong>v\u00e9rifie s\u2019ils correspondent aux crit\u00e8res<\/strong> d\u00e9finis dans les objectifs figurant dans les statuts de notre association. Nous sommes soucieux de r\u00e9pondre \u00e0 un<strong> engagement de financement sur l\u2019ensemble d\u2019une scolarit\u00e9<\/strong>, si possible (en tenant compte de nos capacit\u00e9s de financement \u00e0 moyen terme). Nous voulons <strong>offrir la chance au plus grand nombre de jeunes<\/strong>, afin de leur permettre d\u2019acc\u00e9der \u00e0 un emploi par l\u2019obtention d\u2019un dipl\u00f4me.<\/p>\n\n\n\n<div style=\"height:15px\" aria-hidden=\"true\" class=\"wp-block-spacer\"><\/div>\n\n\n\n<p>L&rsquo;association fran\u00e7aise re\u00e7oit r\u00e9guli\u00e8rement des <strong>nouvelles des jeunes parrain\u00e9s<\/strong> (d\u00e9roulement de leur scolarit\u00e9, r\u00e9ussite aux dipl\u00f4mes\u2026) par l\u2019interm\u00e9diaire de l\u2019association Todima Gulmu au Burkina Faso.<\/p>\n\n\n\n<hr class=\"wp-block-separator\"\/>\n\n\n\n<p class=\"has-text-align-center has-black-color has-luminous-vivid-orange-background-color has-text-color has-background has-medium-font-size\"><strong>Les sommes envoy\u00e9es au Burkina Faso servent int\u00e9gralement pour payer les \u00e9tudes et \u00e9ventuellement les fournitures li\u00e9es aux scolarit\u00e9s. Aucun interm\u00e9diaire n\u2019est r\u00e9mun\u00e9r\u00e9, ni en France, ni au Burkina Faso.&nbsp;<\/strong><\/p>\n\n\n\n<hr class=\"wp-block-separator\"\/>\n\n\n\n<h2><strong>Les jeunes parrain\u00e9s depuis 2014&nbsp;:<\/strong><\/h2>\n\n\n\n<div style=\"height:15px\" aria-hidden=\"true\" class=\"wp-block-spacer\"><\/div>\n\n\n\n<ol><li>BEP communication administrative&nbsp;: <strong>St\u00e9phanie <\/strong><em>(1 ann\u00e9e)<\/em><\/li><li>BEP dessin b\u00e2timent, puis baccalaur\u00e9at technique dessin b\u00e2timent&nbsp;: <strong>\u00c9lodie<\/strong> <em>(2 ann\u00e9es)<\/em><\/li><li>Baccalaur\u00e9at technique \u00e9lectrotechnique&nbsp;: <strong>Fati, Diana <\/strong><em>(1 ann\u00e9e)<\/em><\/li><li>Baccalaur\u00e9at technique g\u00e9nie civil&nbsp;: <strong>Alexis<\/strong> <em>(1 ann\u00e9e)<\/em><\/li><li>Baccalaur\u00e9at g\u00e9n\u00e9ral scientifique&nbsp;: <strong>No\u00e9lie<\/strong> <em>(1 ann\u00e9e), <\/em><strong>Tadano<\/strong> <em>(3 ann\u00e9es, en cours)<\/em><\/li><li>Dipl\u00f4me d&rsquo;aptitude professionnelle agent de transit en douane&nbsp;: <strong>Laurent <\/strong><em>(1 ann\u00e9e)<\/em><\/li><li>Dipl\u00f4me d&rsquo;agent d&rsquo;agriculture&nbsp;: <strong>Goudima<\/strong> <em>(2 ann\u00e9es)<\/em>, <strong>Eug\u00e9nie<\/strong> <em>(1 ann\u00e9e, en cours)<\/em><\/li><li>Dipl\u00f4me d&rsquo;adjointe de sant\u00e9&nbsp;: <strong>Clarisse<\/strong> <em>(1 ann\u00e9e, en cours)<\/em><\/li><li>Dipl\u00f4me d&rsquo;\u00e9tat de sage-femme&nbsp;: <strong>Monique<\/strong> <em>(3 ann\u00e9es)<\/em>, <strong>Farida<\/strong> <em>(2 ann\u00e9es),<\/em> <strong>Mariam<\/strong> <em>(1 ann\u00e9e, en cours)<\/em><\/li><li>Dipl\u00f4me de technicien sup\u00e9rieur&nbsp; \u00e9lectrotechnique&nbsp;: <strong>Faousiatou<\/strong> <em>(2 ann\u00e9es)<\/em><\/li><li>Dipl\u00f4me de technicien sup\u00e9rieur&nbsp;dessin b\u00e2timent&nbsp;: <strong>J\u00e9r\u00e9my<\/strong> <em>(2 ann\u00e9es)<\/em><\/li><\/ol>\n","protected":false},"excerpt":{"rendered":"<p>Depuis la cr\u00e9ation de l&rsquo;association en 2014, ce sont 16 jeunes (12 femmes et 4 hommes) qui ont \u00e9t\u00e9 parrain\u00e9s par l&rsquo;association Todima Gulmu, soit l\u2019\u00e9quivalent de 25 ann\u00e9es de scolarit\u00e9 (entre 1 et 3 ann\u00e9es selon les jeunes). Selon nos statuts, nous parrainons des jeunes originaires de la r\u00e9gion\u00a0du Gulmu \u00e0 l\u2019Est du Burkina [&hellip;]<\/p>\n","protected":false},"author":1,"featured_media":83,"parent":0,"menu_order":0,"comment_status":"closed","ping_status":"closed","template":"","meta":[],"jetpack_sharing_enabled":true,"_links":{"self":[{"href":"https:\/\/todimagulmu.org\/index.php\/wp-json\/wp\/v2\/pages\/156"}],"collection":[{"href":"https:\/\/todimagulmu.org\/index.php\/wp-json\/wp\/v2\/pages"}],"about":[{"href":"https:\/\/todimagulmu.org\/index.php\/wp-json\/wp\/v2\/types\/page"}],"author":[{"embeddable":true,"href":"https:\/\/todimagulmu.org\/index.php\/wp-json\/wp\/v2\/users\/1"}],"replies":[{"embeddable":true,"href":"https:\/\/todimagulmu.org\/index.php\/wp-json\/wp\/v2\/comments?post=156"}],"version-history":[{"count":7,"href":"https:\/\/todimagulmu.org\/index.php\/wp-json\/wp\/v2\/pages\/156\/revisions"}],"predecessor-version":[{"id":571,"href":"https:\/\/todimagulmu.org\/index.php\/wp-json\/wp\/v2\/pages\/156\/revisions\/571"}],"wp:featuredmedia":[{"embeddable":true,"href":"https:\/\/todimagulmu.org\/index.php\/wp-json\/wp\/v2\/media\/83"}],"wp:attachment":[{"href":"https:\/\/todimagulmu.org\/index.php\/wp-json\/wp\/v2\/media?parent=156"}],"curies":[{"name":"wp","href":"https:\/\/api.w.org\/{rel}","templated":true}]}}