{"id":159,"date":"2020-11-15T19:03:46","date_gmt":"2020-11-15T18:03:46","guid":{"rendered":"http:\/\/todimagulmu.org\/?page_id=159"},"modified":"2021-02-23T13:42:22","modified_gmt":"2021-02-23T12:42:22","slug":"nos-actions","status":"publish","type":"page","link":"https:\/\/todimagulmu.org\/index.php\/nos-actions\/","title":{"rendered":"Nos actions"},"content":{"rendered":"\n<p>Outre l\u2019action&nbsp;\u00ab&nbsp;parrainage \u00ab&nbsp;(voir <a rel=\"noreferrer noopener\" href=\"https:\/\/todimagulmu.org\/index.php\/les-parrainages\/\" data-type=\"URL\" data-id=\"https:\/\/todimagulmu.org\/index.php\/les-parrainages\/\" target=\"_blank\">les parrainages<\/a> ), l\u2019association Todima Gulmu en France s\u2019est fix\u00e9e comme mission de faire conna\u00eetre le Burkina Faso en g\u00e9n\u00e9ral et le Gulmu en particulier&nbsp;: son histoire, sa culture, ses besoins et la vie de ce pays.<\/p>\n\n\n\n<div style=\"height:15px\" aria-hidden=\"true\" class=\"wp-block-spacer\"><\/div>\n\n\n\n<p>Pour cela, nous avons organis\u00e9 diff\u00e9rentes manifestations ayant comme but d\u2019informer nos adh\u00e9rents et plus largement et de financer notre association.<\/p>\n\n\n\n<div style=\"height:15px\" aria-hidden=\"true\" class=\"wp-block-spacer\"><\/div>\n\n\n\n<p><strong>Nous avons r\u00e9alis\u00e9 et concr\u00e9tis\u00e9 :<\/strong><\/p>\n\n\n\n<ol><li>Plusieurs <strong><a rel=\"noreferrer noopener\" href=\"https:\/\/todimagulmu.org\/index.php\/2021\/02\/18\/conferences\/\" target=\"_blank\">conf\u00e9rences<\/a><\/strong> sur l&rsquo;Afrique et le Burkina Faso<\/li><li>La conception et la vente de <strong><a href=\"https:\/\/todimagulmu.org\/index.php\/2021\/02\/23\/calendriers\/\" target=\"_blank\" rel=\"noreferrer noopener\">calendriers<\/a><\/strong><\/li><li>La vente d\u2019<strong><a rel=\"noreferrer noopener\" href=\"https:\/\/todimagulmu.org\/index.php\/2021\/02\/18\/vente-dartisanat\/\" target=\"_blank\">artisanat burkinab\u00e9<\/a><\/strong><\/li><li>Diff\u00e9rentes <strong><a rel=\"noreferrer noopener\" href=\"https:\/\/todimagulmu.org\/index.php\/2021\/02\/18\/manifestations-conviviales\/\" data-type=\"URL\" target=\"_blank\">manifestations conviviales<\/a><\/strong>.<\/li><\/ol>\n\n\n\n<div style=\"height:15px\" aria-hidden=\"true\" class=\"wp-block-spacer\"><\/div>\n\n\n\n<p>Actuellement, au regard de la situation sanitaire difficile dans nos pays respectifs et dans le monde, nos activit\u00e9s sont, comme toutes les associations, conditionn\u00e9es par les mesures sanitaires. <strong>Toutefois nous avons maintenu le lien entre nous et entre la France et le Burkina Faso.<\/strong> Si des manifestations ont \u00e9t\u00e9 annul\u00e9es, nous avons quand m\u00eame d\u00e9cid\u00e9 de parrainer 4 jeunes pour l&rsquo;ann\u00e9e scolaire 2020-2021 (3 femmes et 1 homme) pour des formations dans les secteurs de la sant\u00e9 et de l\u2019agriculture.<\/p>\n","protected":false},"excerpt":{"rendered":"<p>Outre l\u2019action&nbsp;\u00ab&nbsp;parrainage \u00ab&nbsp;(voir les parrainages ), l\u2019association Todima Gulmu en France s\u2019est fix\u00e9e comme mission de faire conna\u00eetre le Burkina Faso en g\u00e9n\u00e9ral et le Gulmu en particulier&nbsp;: son histoire, sa culture, ses besoins et la vie de ce pays. Pour cela, nous avons organis\u00e9 diff\u00e9rentes manifestations ayant comme but d\u2019informer nos adh\u00e9rents et plus [&hellip;]<\/p>\n","protected":false},"author":1,"featured_media":0,"parent":0,"menu_order":0,"comment_status":"closed","ping_status":"closed","template":"","meta":[],"jetpack_sharing_enabled":true,"_links":{"self":[{"href":"https:\/\/todimagulmu.org\/index.php\/wp-json\/wp\/v2\/pages\/159"}],"collection":[{"href":"https:\/\/todimagulmu.org\/index.php\/wp-json\/wp\/v2\/pages"}],"about":[{"href":"https:\/\/todimagulmu.org\/index.php\/wp-json\/wp\/v2\/types\/page"}],"author":[{"embeddable":true,"href":"https:\/\/todimagulmu.org\/index.php\/wp-json\/wp\/v2\/users\/1"}],"replies":[{"embeddable":true,"href":"https:\/\/todimagulmu.org\/index.php\/wp-json\/wp\/v2\/comments?post=159"}],"version-history":[{"count":11,"href":"https:\/\/todimagulmu.org\/index.php\/wp-json\/wp\/v2\/pages\/159\/revisions"}],"predecessor-version":[{"id":629,"href":"https:\/\/todimagulmu.org\/index.php\/wp-json\/wp\/v2\/pages\/159\/revisions\/629"}],"wp:attachment":[{"href":"https:\/\/todimagulmu.org\/index.php\/wp-json\/wp\/v2\/media?parent=159"}],"curies":[{"name":"wp","href":"https:\/\/api.w.org\/{rel}","templated":true}]}}