{"id":161,"date":"2020-11-15T19:04:44","date_gmt":"2020-11-15T18:04:44","guid":{"rendered":"http:\/\/todimagulmu.org\/?page_id=161"},"modified":"2025-10-20T22:10:48","modified_gmt":"2025-10-20T20:10:48","slug":"actualites","status":"publish","type":"page","link":"https:\/\/todimagulmu.org\/index.php\/actualites\/","title":{"rendered":"Actualit\u00e9s"},"content":{"rendered":"\n<p class=\"has-luminous-vivid-orange-background-color has-background has-large-font-size\"><strong>Repas burkinab\u00e9 en soutien aux activit\u00e9s de l\u2019association samedi 8 novembre 2025 \u00e0 V\u00e9nissieux<\/strong><\/p>\n\n\n\n<div style=\"height:25px\" aria-hidden=\"true\" class=\"wp-block-spacer\"><\/div>\n\n\n\n<p class=\"has-black-color has-text-color has-medium-font-size\">L&rsquo;association <em>Todima Gulmu<\/em> organise<strong> un repas burkinab\u00e9 en soutien aux activit\u00e9s de l\u2019association <\/strong><\/p>\n\n\n\n<p class=\"has-text-align-center has-large-font-size\"><strong>Samedi 8  novembre 2025 <\/strong>de 18h \u00e0 23h<\/p>\n\n\n\n<p class=\"has-text-align-center\" style=\"font-size:30px\"><strong>Salle Jeanne Labourbe<\/strong><\/p>\n\n\n\n<p class=\"has-text-align-center\" style=\"font-size:22px\">6 rue Jeanne Labourbe 69200 V\u00e9nissieux<\/p>\n\n\n<div class=\"wp-block-image is-style-default\">\n<figure class=\"aligncenter size-large\"><img decoding=\"async\" loading=\"lazy\" width=\"724\" height=\"1024\" src=\"https:\/\/todimagulmu.org\/wp-content\/uploads\/2025\/10\/Affiche-A4-TG-repas-2025-11-08-01-724x1024.png\" alt=\"\" class=\"wp-image-8767\" srcset=\"https:\/\/todimagulmu.org\/wp-content\/uploads\/2025\/10\/Affiche-A4-TG-repas-2025-11-08-01-724x1024.png 724w, https:\/\/todimagulmu.org\/wp-content\/uploads\/2025\/10\/Affiche-A4-TG-repas-2025-11-08-01-212x300.png 212w, https:\/\/todimagulmu.org\/wp-content\/uploads\/2025\/10\/Affiche-A4-TG-repas-2025-11-08-01-768x1086.png 768w, https:\/\/todimagulmu.org\/wp-content\/uploads\/2025\/10\/Affiche-A4-TG-repas-2025-11-08-01-1086x1536.png 1086w, https:\/\/todimagulmu.org\/wp-content\/uploads\/2025\/10\/Affiche-A4-TG-repas-2025-11-08-01-1448x2048.png 1448w\" sizes=\"(max-width: 724px) 100vw, 724px\" \/><\/figure><\/div>\n\n\n<div style=\"height:10px\" aria-hidden=\"true\" class=\"wp-block-spacer\"><\/div>\n\n\n\n<div style=\"height:20px\" aria-hidden=\"true\" class=\"wp-block-spacer\"><\/div>\n\n\n\n<p>T\u00e9l\u00e9charger l\u2019invitation en format PDF :<\/p>\n\n\n\n<div style=\"height:10px\" aria-hidden=\"true\" class=\"wp-block-spacer\"><\/div>\n\n\n\n<div class=\"wp-block-file\"><object class=\"wp-block-file__embed\" data=\"https:\/\/todimagulmu.org\/wp-content\/uploads\/2025\/10\/Affiche-A4-TG-repas-2025-11-08.pdf\" type=\"application\/pdf\" style=\"width:100%;height:600px\" aria-label=\"Contenu embarqu\u00e9 Affiche-A4-TG-repas-2025-11-08.\"><\/object><a id=\"wp-block-file--media-57c7c163-0eda-45fc-9579-044626a11d01\" href=\"https:\/\/todimagulmu.org\/wp-content\/uploads\/2025\/10\/Affiche-A4-TG-repas-2025-11-08.pdf\" target=\"_blank\" rel=\"noreferrer noopener\">Affiche-A4-TG-repas-2025-11-08<\/a><a href=\"https:\/\/todimagulmu.org\/wp-content\/uploads\/2025\/10\/Affiche-A4-TG-repas-2025-11-08.pdf\" class=\"wp-block-file__button wp-element-button\" download aria-describedby=\"wp-block-file--media-57c7c163-0eda-45fc-9579-044626a11d01\">T\u00e9l\u00e9charger<\/a><\/div>\n\n\n\n<h4 class=\"has-black-color has-luminous-vivid-orange-background-color has-text-color has-background has-medium-font-size\">Nous avons besoin de vous :<\/h4>\n\n\n\n<p>Dans la situation complexe que traverse le Burkina Faso, plus que jamais notre association doit <strong>poursuivre ses actions<\/strong> et les parrainages de jeunes. Malheureusement\u00a0 en raison d\u2019une <strong>baisse des dons ces derni\u00e8res ann\u00e9es<\/strong>, nous n\u2019avons plus la possibilit\u00e9 de nous engager sur de nouveaux parrainages. Votre soutien peut se mat\u00e9rialiser par des <strong>dons financiers<\/strong>, quel qu\u2019en soit le montant, ou par votre p<strong>articipation active \u00e0 la vie de l\u2019association<\/strong>. Pour vos dons, vous pouvez le faire par virement ou par ch\u00e8que.<\/p>\n\n\n\n<div style=\"height:9px\" aria-hidden=\"true\" class=\"wp-block-spacer\"><\/div>\n\n\n\n<div class=\"wp-block-file\"><object class=\"wp-block-file__embed\" data=\"https:\/\/todimagulmu.org\/wp-content\/uploads\/2025\/10\/Appel-aux-dons-aout-2025.pdf\" type=\"application\/pdf\" style=\"width:100%;height:600px\" aria-label=\"Contenu embarqu\u00e9 Appel-dons-aout-2025.\"><\/object><a id=\"wp-block-file--media-59877e73-3cc9-45ff-baaa-53c293ce7ca3\" href=\"https:\/\/todimagulmu.org\/wp-content\/uploads\/2025\/10\/Appel-aux-dons-aout-2025.pdf\">Appel-dons-aout-2025<\/a><a href=\"https:\/\/todimagulmu.org\/wp-content\/uploads\/2025\/10\/Appel-aux-dons-aout-2025.pdf\" class=\"wp-block-file__button wp-element-button\" download aria-describedby=\"wp-block-file--media-59877e73-3cc9-45ff-baaa-53c293ce7ca3\">T\u00e9l\u00e9charger<\/a><\/div>\n\n\n\n<p class=\"has-black-color has-luminous-vivid-orange-background-color has-text-color has-background has-medium-font-size\"><strong>Laabaali mars 2025 :<\/strong><\/p>\n\n\n\n<div style=\"height:15px\" aria-hidden=\"true\" class=\"wp-block-spacer\"><\/div>\n\n\n\n<div class=\"is-layout-flex wp-block-buttons\">\n<div class=\"wp-block-button is-style-fill\"><a class=\"wp-block-button__link has-luminous-vivid-orange-background-color has-background wp-element-button\" href=\"https:\/\/todimagulmu.org\/wp-content\/uploads\/2025\/10\/Laabaali-Todima-Gulmu-mars-2025-HDEF.pdf\" target=\"_blank\" rel=\"noreferrer noopener\"><strong>D\u00e9couvrez les derni\u00e8res nouvelles du Burkina Faso et de l&rsquo;association Todima Gulmu de <\/strong>mars 2025<\/a><\/div>\n<\/div>\n\n\n\n<div class=\"wp-block-jetpack-slideshow aligncenter\" data-autoplay=\"true\" data-delay=\"5\" data-effect=\"slide\"><div class=\"wp-block-jetpack-slideshow_container swiper-container\"><ul class=\"wp-block-jetpack-slideshow_swiper-wrapper swiper-wrapper\"><li class=\"wp-block-jetpack-slideshow_slide swiper-slide\"><figure><img decoding=\"async\" loading=\"lazy\" width=\"734\" height=\"1024\" alt=\"\" class=\"wp-block-jetpack-slideshow_image wp-image-8765\" data-id=\"8765\" src=\"https:\/\/todimagulmu.org\/wp-content\/uploads\/2025\/10\/Laabaali-Todima-Gulmu-mars-2025-HDEF-01-734x1024.png\" srcset=\"https:\/\/todimagulmu.org\/wp-content\/uploads\/2025\/10\/Laabaali-Todima-Gulmu-mars-2025-HDEF-01-734x1024.png 734w, https:\/\/todimagulmu.org\/wp-content\/uploads\/2025\/10\/Laabaali-Todima-Gulmu-mars-2025-HDEF-01-215x300.png 215w, https:\/\/todimagulmu.org\/wp-content\/uploads\/2025\/10\/Laabaali-Todima-Gulmu-mars-2025-HDEF-01-768x1072.png 768w, https:\/\/todimagulmu.org\/wp-content\/uploads\/2025\/10\/Laabaali-Todima-Gulmu-mars-2025-HDEF-01-1101x1536.png 1101w, https:\/\/todimagulmu.org\/wp-content\/uploads\/2025\/10\/Laabaali-Todima-Gulmu-mars-2025-HDEF-01-1467x2048.png 1467w\" sizes=\"(max-width: 734px) 100vw, 734px\" \/><figcaption class=\"wp-block-jetpack-slideshow_caption gallery-caption\">Laabaali mars 2025 recto<\/figcaption><\/figure><\/li><li class=\"wp-block-jetpack-slideshow_slide swiper-slide\"><figure><img decoding=\"async\" loading=\"lazy\" width=\"734\" height=\"1024\" alt=\"\" class=\"wp-block-jetpack-slideshow_image wp-image-8766\" data-id=\"8766\" src=\"https:\/\/todimagulmu.org\/wp-content\/uploads\/2025\/10\/Laabaali-Todima-Gulmu-mars-2025-HDEF-02-734x1024.png\" srcset=\"https:\/\/todimagulmu.org\/wp-content\/uploads\/2025\/10\/Laabaali-Todima-Gulmu-mars-2025-HDEF-02-734x1024.png 734w, https:\/\/todimagulmu.org\/wp-content\/uploads\/2025\/10\/Laabaali-Todima-Gulmu-mars-2025-HDEF-02-215x300.png 215w, https:\/\/todimagulmu.org\/wp-content\/uploads\/2025\/10\/Laabaali-Todima-Gulmu-mars-2025-HDEF-02-768x1072.png 768w, https:\/\/todimagulmu.org\/wp-content\/uploads\/2025\/10\/Laabaali-Todima-Gulmu-mars-2025-HDEF-02-1101x1536.png 1101w, https:\/\/todimagulmu.org\/wp-content\/uploads\/2025\/10\/Laabaali-Todima-Gulmu-mars-2025-HDEF-02-1467x2048.png 1467w\" sizes=\"(max-width: 734px) 100vw, 734px\" \/><figcaption class=\"wp-block-jetpack-slideshow_caption gallery-caption\">Laabaali mars 2025 verso<\/figcaption><\/figure><\/li><\/ul><a class=\"wp-block-jetpack-slideshow_button-prev swiper-button-prev swiper-button-white\" role=\"button\"><\/a><a class=\"wp-block-jetpack-slideshow_button-next swiper-button-next swiper-button-white\" role=\"button\"><\/a><a aria-label=\"Pause Slideshow\" class=\"wp-block-jetpack-slideshow_button-pause\" role=\"button\"><\/a><div class=\"wp-block-jetpack-slideshow_pagination swiper-pagination swiper-pagination-white\"><\/div><\/div><\/div>\n\n\n\n<div style=\"height:15px\" aria-hidden=\"true\" class=\"wp-block-spacer\"><\/div>\n","protected":false},"excerpt":{"rendered":"<p>Repas burkinab\u00e9 en soutien aux activit\u00e9s de l\u2019association samedi 8 novembre 2025 \u00e0 V\u00e9nissieux L&rsquo;association Todima Gulmu organise un repas burkinab\u00e9 en soutien aux activit\u00e9s de l\u2019association Samedi 8 novembre 2025 de 18h \u00e0 23h Salle Jeanne Labourbe 6 rue Jeanne Labourbe 69200 V\u00e9nissieux T\u00e9l\u00e9charger l\u2019invitation en format PDF : Nous avons besoin de vous [&hellip;]<\/p>\n","protected":false},"author":1,"featured_media":0,"parent":0,"menu_order":0,"comment_status":"closed","ping_status":"closed","template":"","meta":[],"jetpack_sharing_enabled":true,"_links":{"self":[{"href":"https:\/\/todimagulmu.org\/index.php\/wp-json\/wp\/v2\/pages\/161"}],"collection":[{"href":"https:\/\/todimagulmu.org\/index.php\/wp-json\/wp\/v2\/pages"}],"about":[{"href":"https:\/\/todimagulmu.org\/index.php\/wp-json\/wp\/v2\/types\/page"}],"author":[{"embeddable":true,"href":"https:\/\/todimagulmu.org\/index.php\/wp-json\/wp\/v2\/users\/1"}],"replies":[{"embeddable":true,"href":"https:\/\/todimagulmu.org\/index.php\/wp-json\/wp\/v2\/comments?post=161"}],"version-history":[{"count":51,"href":"https:\/\/todimagulmu.org\/index.php\/wp-json\/wp\/v2\/pages\/161\/revisions"}],"predecessor-version":[{"id":8770,"href":"https:\/\/todimagulmu.org\/index.php\/wp-json\/wp\/v2\/pages\/161\/revisions\/8770"}],"wp:attachment":[{"href":"https:\/\/todimagulmu.org\/index.php\/wp-json\/wp\/v2\/media?parent=161"}],"curies":[{"name":"wp","href":"https:\/\/api.w.org\/{rel}","templated":true}]}}