{"id":163,"date":"2020-11-15T19:07:30","date_gmt":"2020-11-15T18:07:30","guid":{"rendered":"http:\/\/todimagulmu.org\/?page_id=163"},"modified":"2021-02-24T12:21:33","modified_gmt":"2021-02-24T11:21:33","slug":"agir-avec-nous","status":"publish","type":"page","link":"https:\/\/todimagulmu.org\/index.php\/agir-avec-nous\/","title":{"rendered":"Agir avec nous"},"content":{"rendered":"\n<p><strong>Comment pouvez-vous nous soutenir ?<\/strong><\/p>\n\n\n\n<ul><li>En venant nous <strong>rejoindre<\/strong> pour apporter vos id\u00e9es et vos comp\u00e9tences<\/li><li>En <strong>participant activement<\/strong> \u00e0 la vie de l\u2019association\u00a0;<\/li><li>En faisant des <strong>dons<\/strong> (financiers, mat\u00e9riels&#8230;).<\/li><\/ul>\n\n\n\n<hr class=\"wp-block-separator\"\/>\n\n\n\n<p><strong>Comment adh\u00e9rer \u00e0 l&rsquo;association ?<\/strong><\/p>\n\n\n\n<div class=\"is-layout-flex wp-block-buttons\">\n<div class=\"wp-block-button\"><a class=\"wp-block-button__link has-black-color has-luminous-vivid-orange-background-color has-text-color has-background\" href=\"https:\/\/todimagulmu.org\/index.php\/2021\/02\/17\/en-2021-jadhere-a-todima-gulmu\/\" target=\"_blank\" rel=\"noreferrer noopener\"><strong>EN 2021 J\u2019ADH\u00c8RE A TODIMA GULMU<\/strong><\/a><\/div>\n<\/div>\n\n\n\n<hr class=\"wp-block-separator\"\/>\n\n\n\n<p><strong>Comment faire un don ?<\/strong><\/p>\n\n\n\n<div class=\"is-layout-flex wp-block-buttons\">\n<div class=\"wp-block-button\"><a class=\"wp-block-button__link has-black-color has-luminous-vivid-orange-background-color has-text-color has-background\" href=\"http:\/\/todimagulmu.org\/index.php\/2020\/11\/15\/faire-un-don\/\" target=\"_blank\" rel=\"noreferrer noopener\"><strong>FAIRE UN DON<\/strong><\/a><\/div>\n<\/div>\n\n\n\n<div style=\"height:15px\" aria-hidden=\"true\" class=\"wp-block-spacer\"><\/div>\n\n\n\n<p class=\"has-black-color has-luminous-vivid-orange-background-color has-text-color has-background\"><strong><span style=\"text-decoration: underline;\">Pour la France :<\/span><\/strong>&nbsp;L\u2019association \u00e9tant&nbsp;<strong>reconnue d\u2019int\u00e9r\u00eat g\u00e9n\u00e9ral<\/strong>, les dons donnent droit \u00e0 une&nbsp;<strong>r\u00e9duction d\u2019imp\u00f4t sur le revenu de 66%<\/strong>&nbsp;du montant (<a rel=\"noreferrer noopener\" href=\"https:\/\/bofip.impots.gouv.fr\/bofip\/5873-PGP.html\/identifiant%3DBOI-IR-RICI-250-30-20120912#:~:text=Les%20versements%20que%20les%20particuliers,limite%20de%2020%20%25%20du%20revenu\" target=\"_blank\">selon l\u2019article 200 du Code G\u00e9n\u00e9ral des Impots<\/a>)<\/p>\n","protected":false},"excerpt":{"rendered":"<p>Comment pouvez-vous nous soutenir ? En venant nous rejoindre pour apporter vos id\u00e9es et vos comp\u00e9tences En participant activement \u00e0 la vie de l\u2019association\u00a0; En faisant des dons (financiers, mat\u00e9riels&#8230;). Comment adh\u00e9rer \u00e0 l&rsquo;association ? Comment faire un don ? Pour la France :&nbsp;L\u2019association \u00e9tant&nbsp;reconnue d\u2019int\u00e9r\u00eat g\u00e9n\u00e9ral, les dons donnent droit \u00e0 une&nbsp;r\u00e9duction d\u2019imp\u00f4t sur [&hellip;]<\/p>\n","protected":false},"author":1,"featured_media":25,"parent":0,"menu_order":0,"comment_status":"closed","ping_status":"closed","template":"","meta":[],"jetpack_sharing_enabled":true,"_links":{"self":[{"href":"https:\/\/todimagulmu.org\/index.php\/wp-json\/wp\/v2\/pages\/163"}],"collection":[{"href":"https:\/\/todimagulmu.org\/index.php\/wp-json\/wp\/v2\/pages"}],"about":[{"href":"https:\/\/todimagulmu.org\/index.php\/wp-json\/wp\/v2\/types\/page"}],"author":[{"embeddable":true,"href":"https:\/\/todimagulmu.org\/index.php\/wp-json\/wp\/v2\/users\/1"}],"replies":[{"embeddable":true,"href":"https:\/\/todimagulmu.org\/index.php\/wp-json\/wp\/v2\/comments?post=163"}],"version-history":[{"count":4,"href":"https:\/\/todimagulmu.org\/index.php\/wp-json\/wp\/v2\/pages\/163\/revisions"}],"predecessor-version":[{"id":639,"href":"https:\/\/todimagulmu.org\/index.php\/wp-json\/wp\/v2\/pages\/163\/revisions\/639"}],"wp:featuredmedia":[{"embeddable":true,"href":"https:\/\/todimagulmu.org\/index.php\/wp-json\/wp\/v2\/media\/25"}],"wp:attachment":[{"href":"https:\/\/todimagulmu.org\/index.php\/wp-json\/wp\/v2\/media?parent=163"}],"curies":[{"name":"wp","href":"https:\/\/api.w.org\/{rel}","templated":true}]}}