{"id":165,"date":"2020-11-15T19:09:24","date_gmt":"2020-11-15T18:09:24","guid":{"rendered":"http:\/\/todimagulmu.org\/?page_id=165"},"modified":"2021-11-26T11:36:33","modified_gmt":"2021-11-26T10:36:33","slug":"le-gulmu","status":"publish","type":"page","link":"https:\/\/todimagulmu.org\/index.php\/le-gulmu\/","title":{"rendered":"Le Gulmu ?"},"content":{"rendered":"\n<div class=\"wp-block-image\"><figure class=\"aligncenter size-full is-resized\"><img decoding=\"async\" loading=\"lazy\" src=\"https:\/\/todimagulmu.org\/wp-content\/uploads\/2020\/11\/Carte-Gulmu.png\" alt=\"\" class=\"wp-image-95\" width=\"582\" height=\"458\" srcset=\"https:\/\/todimagulmu.org\/wp-content\/uploads\/2020\/11\/Carte-Gulmu.png 578w, https:\/\/todimagulmu.org\/wp-content\/uploads\/2020\/11\/Carte-Gulmu-300x236.png 300w\" sizes=\"(max-width: 582px) 100vw, 582px\" \/><\/figure><\/div>\n\n\n\n<div style=\"height:15px\" aria-hidden=\"true\" class=\"wp-block-spacer\"><\/div>\n\n\n\n<p>Le Gulmu correspond \u00e0 la <strong>r\u00e9gion administrative de l\u2019Est<\/strong> du Burkina Faso. En 2021 sa population est de <strong>plus de 2 millions d&rsquo;habitants<\/strong>. Le chef lieu de la r\u00e9gion est <strong>Fada N&rsquo;Gourma<\/strong>. Le Gulmu couvre une superficie de <strong>46 600 km<sup>2<\/sup><\/strong>&nbsp;soit 17% du territoire national (plus vaste r\u00e9gion du Burkina Faso) et comprend <strong>5 provinces<\/strong> administratives  :<\/p>\n\n\n\n<ol><li>La <strong>Gnagna<\/strong> (chef lieu : Bogand\u00e9)<\/li><li>Le <strong>Gourma<\/strong> (chef lieu : Fada N&rsquo;Gourma)<\/li><li>La <strong>Komondjari<\/strong> (chef lieu : Gayeri)<\/li><li>La <strong>Kompienga<\/strong> (chef lieu : Pama)<\/li><li>La <strong>Tapoa<\/strong> (chef lieu : Diapaga)<\/li><\/ol>\n\n\n\n<hr class=\"wp-block-separator\"\/>\n\n\n\n<h2>Chiffres cl\u00e9s du 5\u00b0 RGPH 2019 :<\/h2>\n\n\n\n<div style=\"height:10px\" aria-hidden=\"true\" class=\"wp-block-spacer\"><\/div>\n\n\n\n<p>Selon le <a rel=\"noreferrer noopener\" href=\"http:\/\/www.insd.bf\/contenu\/documents_rgph5\/RAPPORT_PRELIMINAIRE_RGPH_2019.pdf\" target=\"_blank\">rapport pr\u00e9liminaire de septembre 2020<\/a> du 5\u00b0 Recensement G\u00e9n\u00e9ral de la Population et de l&rsquo;Habitation de 2019 (5\u00b0 RGPH 2019) la population de l&rsquo;Est est de <strong>1 941 505 habitants<\/strong>, soit <strong>9,5% de la population du Burkina Faso<\/strong>. C&rsquo;est la<strong> troisi\u00e8me r\u00e9gion la plus peupl\u00e9e du pays<\/strong>, apr\u00e8s la r\u00e9gion du Centre (Ouagadougou) et celle des Hauts Bassins (Bobo Dioulasso). En 2006 (<a rel=\"noreferrer noopener\" href=\"http:\/\/www.cns.bf\/IMG\/pdf\/RGPH_2006.pdf\" target=\"_blank\">4\u00b0 RGPH 2006<\/a>) la population \u00e9tait de 1&nbsp;209&nbsp;399 habitants soit une <strong>augmentation de la population de pr\u00e8s de 38% en 13 ans<\/strong>, tr\u00e8s sup\u00e9rieur \u00e0 celle de l&rsquo;ensemble du pays (moins de 32%). De plus selon les statistiques du 5\u00b0RGPH 2019, la population du Gulmu est <strong>rurale \u00e0 93%<\/strong> et <strong>les femmes repr\u00e9sentent 51%<\/strong> des r\u00e9sidents de la r\u00e9gion. La <strong>taille moyenne des m\u00e9nages<\/strong> dans l&rsquo;Est est de <strong>6,1 personnes<\/strong> par m\u00e9nage, contre 5,2 de moyenne nationale. C&rsquo;est la <strong>plus forte moyenne du pays<\/strong> !<\/p>\n\n\n\n<div style=\"height:10px\" aria-hidden=\"true\" class=\"wp-block-spacer\"><\/div>\n\n\n\n<p><strong><span style=\"text-decoration: underline;\">Population par provinces selon le 5\u00b0 RGPH de 2019 :<\/span><\/strong><\/p>\n\n\n\n<ol id=\"block-bbf13527-c8e4-428e-8924-969c094c47b6\"><li><strong>Gnagna<\/strong> : <em>675 897 habitants<\/em> <\/li><li><strong>Tapoa<\/strong> : <em>605 110 habitants <\/em><\/li><li><strong>Gourma<\/strong><em> <\/em>: <em>437 242<\/em> <em>habitants<\/em><\/li><li><strong>Kompienga<\/strong> : <em>117 672 habitants<\/em> <\/li><li><strong>Komondjari<\/strong> : <em>105 584 habitants<\/em><\/li><\/ol>\n\n\n\n<hr class=\"wp-block-separator\"\/>\n\n\n\n<h2>Quelques statistiques pour le Gulmu :<\/h2>\n\n\n\n<div style=\"height:15px\" aria-hidden=\"true\" class=\"wp-block-spacer\"><\/div>\n\n\n\n<p>Selon l&rsquo;analyse des statistiques du <a rel=\"noreferrer noopener\" href=\"http:\/\/www.insd.bf\/contenu\/statistiques_regions\/regions_en_chiffres_en_2015\/reg_en_chiffres_Est_2015.pdf\" target=\"_blank\">rapport de d\u00e9cembre 2016 pour la r\u00e9gion de l&rsquo;Est<\/a> de l&rsquo;Institut National de la Statistique et de la D\u00e9mographie (<a href=\"http:\/\/www.insd.bf\/\" target=\"_blank\" rel=\"noreferrer noopener\">INSD<\/a>) les statistiques ci-dessous pour le Gulmu nous semblent bien illustrer le niveau de d\u00e9veloppement actuel de la r\u00e9gion :<\/p>\n\n\n\n<div style=\"height:10px\" aria-hidden=\"true\" class=\"wp-block-spacer\"><\/div>\n\n\n\n<ol><li>Le <strong>seuil absolu national de la pauvret\u00e9 <\/strong>\u00e9tant \u00e9tabli en 2014<strong> <\/strong>\u00e0 <strong>153 530 FCFA<\/strong>, <strong>50% des habitants de la r\u00e9gion vit en dessous <\/strong>de ce seuil (contre 40,1 % pour la moyenne nationale), pla\u00e7ant la r\u00e9gion de l&rsquo;Est \u00e0 la <strong>4\u00b0 place nationale<\/strong>, sachant qu&rsquo;en 2009 l&rsquo;Est occupait la 13\u00b0 place sur 13.<\/li><li>Le <strong>taux d&rsquo;acc\u00e8s en moins de 30 minutes<\/strong> \u00e0 une <strong>\u00e9cole primaire<\/strong> \u00e9tait de<strong> 67,1% en 2014<\/strong> contre 77,2% au niveau national (rang 11\/13). Et le taux d&rsquo;acc\u00e8s en moins de 30 minutes \u00e0 un <strong>centre de sant\u00e9<\/strong> \u00e9tait de<strong> 17,7% en 2014<\/strong> contre 47,2% au niveau national (rang 9\/13). Sachant que la situation s\u00e9curitaire qui pr\u00e9vaut actuellement dans certaines localit\u00e9s a entra\u00een\u00e9 la fermeture de nombreuses \u00e9coles et centres de sant\u00e9&#8230;<\/li><li>En 2014 le <strong>taux d\u2019alphab\u00e9tisation <\/strong>\u00e9tait de <strong>23,8%<\/strong> contre 34,5% pour le pays (rang 11\/13) et le <strong>taux brut de scolarisation au primaire<\/strong> \u00e9tait de <strong>56,1%<\/strong> pour 83,7% pour l&rsquo;ensemble du Burkina Faso (rang 12\/13). Et ce taux souffre d&rsquo;importantes disparit\u00e9s entre les provinces (65,0% dans le Gourma pour 49,3% dans la Gnagna) ;<\/li><li>Le quotient de <strong>mortalit\u00e9 infantile \u00e9tait de 98 pour 1000<\/strong> (\u2030) <strong>en 2010<\/strong> contre 65,0\u2030 pour le Burkina Faso (rang 11\/13) ;<\/li><li>En 2012,<strong> 44,8% des enfants souffraient d&rsquo;un retard de croissance <\/strong>contre 32,9% au niveau national (rang 13\/13) ;<\/li><li>En 2014 seulement <strong>7,1% des foyers de la r\u00e9gion \u00e9taient reli\u00e9s au r\u00e9seau \u00e9lectrique<\/strong> contre 24,4% au niveau national (rang 11\/13) ;<\/li><li>Le <strong>taux d&rsquo;\u00e9quipement des m\u00e9nages<\/strong> ayant \u00e0 disposition au moins une <strong>mobylette ou moto<\/strong>, en 2014, \u00e9tait de <strong>32,5%<\/strong> (46% au niveau national soit le 11\u00b0 rang sur 13) contre 21,3% en 2007 ;<\/li><li>En 2014 le <strong>taux d&rsquo;\u00e9quipement des m\u00e9nages<\/strong> <strong>ayant un r\u00e9frig\u00e9rateur<\/strong> \u00e9tait de<strong> 1,2%<\/strong> contre 5,1% au niveau national (rang 6\/13) ;<\/li><li>Le <strong>r\u00e9seau routier bitum\u00e9<\/strong> dans la r\u00e9gion de l&rsquo;Est \u00e9tait de <strong>423,7km<\/strong> en 2015 soit <strong>12,0%<\/strong> du r\u00e9seau routier bitum\u00e9 national, alors que le Gulmu couvre <strong>17%<\/strong> du territoire national. De plus ce r\u00e9seau est en tr\u00e8s mauvais \u00e9tat g\u00e9n\u00e9ral en 2021 dans la r\u00e9gion de l&rsquo;Est&#8230;<\/li><li>Entre 2014 et 2016 <strong>la production agricole est en baisse<\/strong> (<strong>339 905 tonne<\/strong>s de c\u00e9r\u00e9ales en 2015\/2016 contre <strong>401 141 tonnes<\/strong> en 2014\/2015). Principalement en raison de la pluviom\u00e9trie de plus en plus al\u00e9atoire, le Gulmu \u00e9tant tr\u00e8s nettement touch\u00e9 par le r\u00e9chauffement climatique&#8230;<\/li><\/ol>\n\n\n\n<hr class=\"wp-block-separator\"\/>\n\n\n\n<h2>Situation g\u00e9ographique :<\/h2>\n\n\n\n<div class=\"wp-block-image\"><figure class=\"aligncenter size-medium\"><img decoding=\"async\" loading=\"lazy\" width=\"300\" height=\"236\" src=\"https:\/\/todimagulmu.org\/wp-content\/uploads\/2020\/11\/Carte-Gulmu-300x236.png\" alt=\"\" class=\"wp-image-95\" srcset=\"https:\/\/todimagulmu.org\/wp-content\/uploads\/2020\/11\/Carte-Gulmu-300x236.png 300w, https:\/\/todimagulmu.org\/wp-content\/uploads\/2020\/11\/Carte-Gulmu.png 578w\" sizes=\"(max-width: 300px) 100vw, 300px\" \/><\/figure><\/div>\n\n\n\n<p>C&rsquo;est une aire de transition sous-r\u00e9gionale, entre la zone soudanienne au Sud et la zone sah\u00e9lienne au Nord. Le Gulmu a des fronti\u00e8res internationales avec le Niger, le Togo et le B\u00e9nin.<\/p>\n\n\n\n<hr class=\"wp-block-separator\"\/>\n\n\n\n<h2>Groupes ethniques du Gulmu :<\/h2>\n\n\n\n<div style=\"height:15px\" aria-hidden=\"true\" class=\"wp-block-spacer\"><\/div>\n\n\n\n<p>Le groupe ethnique majoritaire sont les Gourmantch\u00e9s. Leur langue est le gulmantch\u00e9ma. Les Mossis et les Peulh constituent deux autres groupes ethniques principaux.<\/p>\n\n\n\n<hr class=\"wp-block-separator\"\/>\n\n\n\n<h2>Situation s\u00e9curitaire :<\/h2>\n\n\n\n<div style=\"height:15px\" aria-hidden=\"true\" class=\"wp-block-spacer\"><\/div>\n\n\n\n<p>La <strong>pr\u00e9sence de groupes terroristes<\/strong> ayant commis plusieurs attaques dans des villages de brousse ces derni\u00e8res ann\u00e9es a <strong>fragilis\u00e9 une situation d\u00e9j\u00e0 bien pr\u00e9caire<\/strong>.&nbsp; Cette pr\u00e9sence de groupes terroristes s&rsquo;expliquent par plusieurs facteurs :<\/p>\n\n\n\n<ol><li>Une <strong>r\u00e9gion vaste et peu dens\u00e9ment peupl\u00e9e<\/strong> avec de nombreuses zones foresti\u00e8res, des r\u00e9serves de faunes sauvage, des reliefs, donnant autant d&rsquo;occasion de se cacher pour les terroristes ;<\/li><li>Un <strong>sentiment d&rsquo;abandon<\/strong> des populations locales par les autorit\u00e9s administratives ;<\/li><li>Un <strong>taux de pauvret\u00e9 tr\u00e8s fort<\/strong>, avec des moins bonnes statistiques socio-\u00e9conomiques que dans les autres r\u00e9gions du pays ;<\/li><li>Un <strong>manque d&rsquo;infrastructures routi\u00e8res<\/strong> et un <strong>tr\u00e8s mauvais \u00e9tat<\/strong> des infrastructures existantes ;<\/li><li>Un <strong>\u00e9norme diff\u00e9rentiel<\/strong> entre la principale ville de la r\u00e9gion, Fada N&rsquo;Gourma, et les autres localit\u00e9s, <strong>en terme d&rsquo;infrastructures<\/strong> (centres de sant\u00e9, \u00e9coles, routes, \u00e9lectrification&#8230;) ;<\/li><li>Une r\u00e9gion d\u00e9j\u00e0 tr\u00e8s \u00e9prouv\u00e9es par le <strong>r\u00e9chauffement climatique <\/strong>(des saisons des pluies de plus en plus incertaines, des productions agricoles tr\u00e8s fluctuantes selon les ann\u00e9es et une population en forte hausse&#8230;)<\/li><\/ol>\n\n\n\n<hr class=\"wp-block-separator\"\/>\n\n\n\n<h2>Le tourisme aujourd&rsquo;hui :<\/h2>\n\n\n\n<div style=\"height:10px\" aria-hidden=\"true\" class=\"wp-block-spacer\"><\/div>\n\n\n\n<blockquote class=\"wp-block-quote\"><p>Face \u00e0 la situation actuelle, l\u2019Etat encourage le d\u00e9veloppement du tourisme interne.H\u00e9las, les m\u00e9canismes tardent et l&rsquo;acc\u00e8s aux financements d&rsquo;urgence n&rsquo;est pas donn\u00e9. La plupart des organisations et des acteurs ne remplissent pas les crit\u00e8res draconiens\u2026 Malgr\u00e9 tout, on peut noter la capacit\u00e9 \u00e0 s&rsquo;adapter, et la r\u00e9silience des acteurs.Dans tous les cas, les acteurs du tourisme ont largement souffert et bien des initiatives ne survivront pas\u2026 Il faut esp\u00e9rer un accompagnement de celles qui sont encore en vie pour ne pas perdre toute une expertise qui \u00e9tait d\u00e9j\u00e0 en place et qui gagnerait \u00e0 \u00eatre sauvegard\u00e9e et d\u00e9velopp\u00e9e.<\/p><cite><em>Yempabou No\u00ebl COMBARY<\/em><\/cite><\/blockquote>\n\n\n\n<div class=\"is-layout-flex wp-block-buttons\">\n<div class=\"wp-block-button\"><a class=\"wp-block-button__link has-luminous-vivid-orange-background-color has-background\" href=\"https:\/\/todimagulmu.org\/index.php\/2021\/11\/25\/etat-des-lieux-du-tourisme-dans-le-gulmu\/\" target=\"_blank\" rel=\"noreferrer noopener\">Lire l&rsquo;article \u00ab\u00a0Le tourisme aujourd&rsquo;hui\u00a0\u00bb en int\u00e9gralit\u00e9<\/a><\/div>\n<\/div>\n","protected":false},"excerpt":{"rendered":"<p>Le Gulmu correspond \u00e0 la r\u00e9gion administrative de l\u2019Est du Burkina Faso. En 2021 sa population est de plus de 2 millions d&rsquo;habitants. Le chef lieu de la r\u00e9gion est Fada N&rsquo;Gourma. Le Gulmu couvre une superficie de 46 600 km2&nbsp;soit 17% du territoire national (plus vaste r\u00e9gion du Burkina Faso) et comprend 5 provinces [&hellip;]<\/p>\n","protected":false},"author":1,"featured_media":95,"parent":0,"menu_order":0,"comment_status":"closed","ping_status":"closed","template":"","meta":[],"jetpack_sharing_enabled":true,"_links":{"self":[{"href":"https:\/\/todimagulmu.org\/index.php\/wp-json\/wp\/v2\/pages\/165"}],"collection":[{"href":"https:\/\/todimagulmu.org\/index.php\/wp-json\/wp\/v2\/pages"}],"about":[{"href":"https:\/\/todimagulmu.org\/index.php\/wp-json\/wp\/v2\/types\/page"}],"author":[{"embeddable":true,"href":"https:\/\/todimagulmu.org\/index.php\/wp-json\/wp\/v2\/users\/1"}],"replies":[{"embeddable":true,"href":"https:\/\/todimagulmu.org\/index.php\/wp-json\/wp\/v2\/comments?post=165"}],"version-history":[{"count":31,"href":"https:\/\/todimagulmu.org\/index.php\/wp-json\/wp\/v2\/pages\/165\/revisions"}],"predecessor-version":[{"id":1388,"href":"https:\/\/todimagulmu.org\/index.php\/wp-json\/wp\/v2\/pages\/165\/revisions\/1388"}],"wp:featuredmedia":[{"embeddable":true,"href":"https:\/\/todimagulmu.org\/index.php\/wp-json\/wp\/v2\/media\/95"}],"wp:attachment":[{"href":"https:\/\/todimagulmu.org\/index.php\/wp-json\/wp\/v2\/media?parent=165"}],"curies":[{"name":"wp","href":"https:\/\/api.w.org\/{rel}","templated":true}]}}