{"id":167,"date":"2020-11-15T19:10:46","date_gmt":"2020-11-15T18:10:46","guid":{"rendered":"http:\/\/todimagulmu.org\/?page_id=167"},"modified":"2021-02-24T12:21:54","modified_gmt":"2021-02-24T11:21:54","slug":"contactez-nous","status":"publish","type":"page","link":"https:\/\/todimagulmu.org\/index.php\/contactez-nous\/","title":{"rendered":"Contactez-nous"},"content":{"rendered":"\n<p>Nos coordonn\u00e9es en France :<\/p>\n\n\n\n<blockquote class=\"wp-block-quote\"><p><strong>Todima Gulmu<\/strong><\/p><p>23 rue Marat<\/p><p>69200 V\u00e9nissieux<\/p><p>France<\/p><p><em>T\u00e9l\u00e9phone : +33 (0)4 72 50 96 32<\/em><\/p><\/blockquote>\n\n\n\n<p>Nos coordonn\u00e9es au Burkina Faso :<\/p>\n\n\n\n<blockquote class=\"wp-block-quote\"><p><strong>Todima  Gulmu<\/strong><\/p><p>BP 244 &#8211; Fada N&rsquo;Gourma<\/p><p>Burkina Faso<\/p><p><em>T\u00e9l\u00e9phone : +226 72 42 07 74<\/em><\/p><\/blockquote>\n\n\n\n<h2>Envoyer un mail :<\/h2>\n\n\n\n<div style=\"height:15px\" aria-hidden=\"true\" class=\"wp-block-spacer\"><\/div>\n\n\n<div class=\"wp-block-jetpack-contact-form\"><a href=\"https:\/\/todimagulmu.org\/index.php\/contactez-nous\/\" target=\"_blank\" rel=\"noopener noreferrer\">Soumettre un formulaire.<\/a><\/div>","protected":false},"excerpt":{"rendered":"<p>Nos coordonn\u00e9es en France : Todima Gulmu 23 rue Marat 69200 V\u00e9nissieux France T\u00e9l\u00e9phone : +33 (0)4 72 50 96 32 Nos coordonn\u00e9es au Burkina Faso : Todima Gulmu BP 244 &#8211; Fada N&rsquo;Gourma Burkina Faso T\u00e9l\u00e9phone : +226 72 42 07 74 Envoyer un mail :<\/p>\n","protected":false},"author":1,"featured_media":218,"parent":0,"menu_order":0,"comment_status":"closed","ping_status":"closed","template":"","meta":[],"jetpack_sharing_enabled":false,"_links":{"self":[{"href":"https:\/\/todimagulmu.org\/index.php\/wp-json\/wp\/v2\/pages\/167"}],"collection":[{"href":"https:\/\/todimagulmu.org\/index.php\/wp-json\/wp\/v2\/pages"}],"about":[{"href":"https:\/\/todimagulmu.org\/index.php\/wp-json\/wp\/v2\/types\/page"}],"author":[{"embeddable":true,"href":"https:\/\/todimagulmu.org\/index.php\/wp-json\/wp\/v2\/users\/1"}],"replies":[{"embeddable":true,"href":"https:\/\/todimagulmu.org\/index.php\/wp-json\/wp\/v2\/comments?post=167"}],"version-history":[{"count":9,"href":"https:\/\/todimagulmu.org\/index.php\/wp-json\/wp\/v2\/pages\/167\/revisions"}],"predecessor-version":[{"id":640,"href":"https:\/\/todimagulmu.org\/index.php\/wp-json\/wp\/v2\/pages\/167\/revisions\/640"}],"wp:featuredmedia":[{"embeddable":true,"href":"https:\/\/todimagulmu.org\/index.php\/wp-json\/wp\/v2\/media\/218"}],"wp:attachment":[{"href":"https:\/\/todimagulmu.org\/index.php\/wp-json\/wp\/v2\/media?parent=167"}],"curies":[{"name":"wp","href":"https:\/\/api.w.org\/{rel}","templated":true}]}}